{"id":5001,"date":"2022-11-11T16:12:45","date_gmt":"2022-11-11T16:12:45","guid":{"rendered":"https:\/\/endurethecycle.com\/about-us\/"},"modified":"2023-03-13T11:27:57","modified_gmt":"2023-03-13T11:27:57","slug":"sobre-nos","status":"publish","type":"page","link":"https:\/\/endurethecycle.com\/pt-pt\/sobre-nos\/","title":{"rendered":"Sobre N\u00f3s"},"content":{"rendered":"<p><div class=\"fusion-bg-parallax\" data-bg-align=\"center center\" data-direction=\"down\" data-mute=\"false\" data-opacity=\"100\" data-velocity=\"-0.2\" data-mobile-enabled=\"true\" data-break_parents=\"0\" data-bg-image=\"https:\/\/endurethecycle.com\/wp-content\/uploads\/2022\/11\/header_aboutus.jpg\" data-bg-repeat=\"false\" ><\/div><div class=\"fusion-fullwidth fullwidth-box fusion-builder-row-1 fusion-flex-container has-pattern-background has-mask-background fusion-parallax-down hundred-percent-fullwidth non-hundred-percent-height-scrolling lazyload\" style=\"--awb-border-radius-top-left:0px;--awb-border-radius-top-right:0px;--awb-border-radius-bottom-right:0px;--awb-border-radius-bottom-left:0px;--awb-padding-top:0px;--awb-padding-right:0px;--awb-padding-bottom:0px;--awb-padding-left:0px;--awb-margin-top:0px;--awb-margin-bottom:0px;--awb-background-size:cover;--awb-flex-wrap:wrap;\" data-bg=\"https:\/\/endurethecycle.com\/wp-content\/uploads\/2022\/11\/header_aboutus.jpg\" id=\"hp_header\" ><div class=\"fusion-builder-row fusion-row fusion-flex-align-items-flex-start fusion-flex-content-wrap\" style=\"width:105% !important;max-width:105% !important;margin-left: calc(-5% \/ 2 );margin-right: calc(-5% \/ 2 );\"><div class=\"fusion-layout-column fusion_builder_column fusion-builder-column-0 fusion_builder_column_1_1 1_1 fusion-flex-column\" style=\"--awb-padding-top:0px;--awb-padding-bottom:0px;--awb-bg-size:cover;--awb-width-large:100%;--awb-margin-top-large:0px;--awb-spacing-right-large:2.375%;--awb-margin-bottom-large:0px;--awb-spacing-left-large:2.375%;--awb-width-medium:100%;--awb-order-medium:0;--awb-spacing-right-medium:2.375%;--awb-spacing-left-medium:2.375%;--awb-width-small:100%;--awb-order-small:0;--awb-spacing-right-small:2.375%;--awb-spacing-left-small:2.375%;\"><div class=\"fusion-column-wrapper fusion-column-has-shadow fusion-flex-justify-content-flex-start fusion-content-layout-column\"><div class=\"fusion-separator fusion-full-width-sep\" style=\"align-self: center;margin-left: auto;margin-right: auto;margin-top:200px;margin-bottom:200px;width:100%;\"><\/div><\/div><\/div><\/div><\/div><div class=\"fusion-fullwidth fullwidth-box fusion-builder-row-2 fusion-flex-container has-pattern-background has-mask-background nonhundred-percent-fullwidth non-hundred-percent-height-scrolling\" style=\"--awb-border-radius-top-left:0px;--awb-border-radius-top-right:0px;--awb-border-radius-bottom-right:0px;--awb-border-radius-bottom-left:0px;--awb-padding-top-medium:100px;--awb-padding-top-small:60px;--awb-margin-top:0px;--awb-margin-bottom:0px;--awb-background-color:var(--awb-color1);--awb-flex-wrap:wrap;\" id=\"about_about\" ><div class=\"fusion-builder-row fusion-row fusion-flex-align-items-flex-start fusion-flex-content-wrap\" style=\"max-width:calc( 1260px + 0px );margin-left: calc(-0px \/ 2 );margin-right: calc(-0px \/ 2 );\"><div class=\"fusion-layout-column fusion_builder_column fusion-builder-column-1 fusion_builder_column_1_1 1_1 fusion-flex-column fusion-flex-align-self-center\" style=\"--awb-padding-top:120px;--awb-padding-right:20px;--awb-padding-bottom:20px;--awb-padding-left:20px;--awb-padding-top-medium:80px;--awb-padding-right-medium:0px;--awb-padding-bottom-medium:80px;--awb-padding-left-medium:80px;--awb-padding-top-small:60px;--awb-padding-right-small:0px;--awb-padding-bottom-small:60px;--awb-padding-left-small:0px;--awb-bg-size:cover;--awb-width-large:100%;--awb-margin-top-large:0px;--awb-spacing-right-large:0px;--awb-margin-bottom-large:0px;--awb-spacing-left-large:0px;--awb-width-medium:100%;--awb-order-medium:0;--awb-spacing-right-medium:0px;--awb-spacing-left-medium:0px;--awb-width-small:100%;--awb-order-small:1;--awb-spacing-right-small:0px;--awb-spacing-left-small:0px;\"><div class=\"fusion-column-wrapper fusion-column-has-shadow fusion-flex-justify-content-flex-start fusion-content-layout-column\"><div class=\"fusion-title title fusion-title-1 fusion-sep-none fusion-title-text fusion-title-size-two\" style=\"--awb-text-color:var(--awb-color5);--awb-margin-right:40px;--awb-margin-bottom:2%;--awb-margin-left:40px;--awb-font-size:40px;\"><h2 class=\"fusion-title-heading title-heading-left fusion-responsive-typography-calculated\" style=\"font-family:&quot;PT Sans&quot;;font-style:normal;font-weight:700;margin:0;font-size:1em;letter-spacing:var(--awb-typography2-letter-spacing);text-transform:uppercase;--fontSize:40;line-height:var(--awb-typography2-line-height);\">A NOSSA G\u00c9NESE\u2026<\/h2><\/div><div class=\"fusion-title title fusion-title-2 fusion-sep-none fusion-title-text fusion-title-size-two\" style=\"--awb-text-color:var(--awb-color2);--awb-margin-right:40px;--awb-margin-bottom:2%;--awb-margin-left:40px;--awb-font-size:22px;\"><h2 class=\"fusion-title-heading title-heading-left fusion-responsive-typography-calculated\" style=\"font-family:&quot;PT Sans&quot;;font-style:normal;font-weight:400;margin:0;font-size:1em;letter-spacing:var(--awb-typography2-letter-spacing);text-transform:var(--awb-typography2-text-transform);--fontSize:22;--minFontSize:22;line-height:1.6;\">tem ra\u00edzes no lifestyle do surf e do skate. Desde o in\u00edcio que as dimens\u00f5es social e ambiental est\u00e3o intr\u00ednsecas \u00e0 filosofia da Despomar. Sendo uma refer\u00eancia no setor de desportos de prancha, somos sobretudo uma comunidade profundamente ligada \u00e0 natureza e consciente do ciclo em que a nossa cultura opera e da qual depende. Assim como impactamos o meio que nos envolve, somos impactados por ele.<\/h2><\/div><div class=\"fusion-title title fusion-title-3 fusion-sep-none fusion-title-text fusion-title-size-two\" style=\"--awb-text-color:var(--awb-color5);--awb-margin-top:50px;--awb-margin-right:40px;--awb-margin-bottom:2%;--awb-margin-left:40px;--awb-font-size:40px;\"><h2 class=\"fusion-title-heading title-heading-left fusion-responsive-typography-calculated\" style=\"font-family:&quot;PT Sans&quot;;font-style:normal;font-weight:700;margin:0;font-size:1em;letter-spacing:var(--awb-typography2-letter-spacing);text-transform:uppercase;--fontSize:40;line-height:var(--awb-typography2-line-height);\">HOJE,<\/h2><\/div><div class=\"fusion-title title fusion-title-4 fusion-sep-none fusion-title-text fusion-title-size-two\" style=\"--awb-text-color:var(--awb-color2);--awb-margin-right:40px;--awb-margin-bottom:2%;--awb-margin-left:40px;--awb-font-size:22px;\"><h2 class=\"fusion-title-heading title-heading-left fusion-responsive-typography-calculated\" style=\"font-family:&quot;PT Sans&quot;;font-style:normal;font-weight:400;margin:0;font-size:1em;letter-spacing:var(--awb-typography2-letter-spacing);text-transform:var(--awb-typography2-text-transform);--fontSize:22;--minFontSize:22;line-height:1.6;\">esta vis\u00e3o levou-nos \u00e0 cria\u00e7\u00e3o do projeto <strong>Endure the Cycle<\/strong>, a ins\u00edgnia sob a qual se desenvolvem todas as nossas iniciativas sociais e ambientais. Acreditamos que a interse\u00e7\u00e3o entre a nossa cultura e o contexto global, resulta na oportunidade de contribuir para a sustentabilidade e bem-estar da nossa envolv\u00eancia.<\/h2><\/div><div class=\"fusion-title title fusion-title-5 fusion-sep-none fusion-title-center fusion-title-text fusion-title-size-two\" style=\"--awb-text-color:var(--awb-color2);--awb-margin-top:80px;--awb-margin-right:40px;--awb-margin-bottom:100px;--awb-margin-left:40px;--awb-margin-top-small:60px;--awb-margin-top-medium:60px;--awb-margin-bottom-medium:10px;--awb-font-size:24px;\"><h2 class=\"fusion-title-heading title-heading-center fusion-responsive-typography-calculated\" style=\"font-family:&quot;PT Sans&quot;;font-style:normal;font-weight:700;margin:0;font-size:1em;letter-spacing:var(--awb-typography2-letter-spacing);text-transform:uppercase;--fontSize:24;--minFontSize:24;line-height:var(--awb-typography2-line-height);\"><strong>Os nossos valores norteiam a forma como pensamos, agimos e colaboramos.<\/strong><\/h2><\/div><\/div><\/div><\/div><\/div><div class=\"fusion-fullwidth fullwidth-box fusion-builder-row-3 fusion-flex-container has-pattern-background has-mask-background hundred-percent-fullwidth non-hundred-percent-height-scrolling\" style=\"--awb-border-radius-top-left:0px;--awb-border-radius-top-right:0px;--awb-border-radius-bottom-right:0px;--awb-border-radius-bottom-left:0px;--awb-padding-top:0px;--awb-padding-right:0px;--awb-padding-bottom:0px;--awb-padding-left:0px;--awb-padding-top-medium:0px;--awb-padding-bottom-medium:0px;--awb-margin-top:0px;--awb-margin-bottom:0px;--awb-margin-top-medium:0px;--awb-margin-bottom-medium:0px;--awb-margin-top-small:0px;--awb-margin-bottom-small:0px;--awb-background-color:var(--awb-color1);--awb-flex-wrap:wrap;\" id=\"about_about\" ><div class=\"fusion-builder-row fusion-row fusion-flex-align-items-flex-start fusion-flex-content-wrap\" style=\"width:calc( 100% + 0px ) !important;max-width:calc( 100% + 0px ) !important;margin-left: calc(-0px \/ 2 );margin-right: calc(-0px \/ 2 );\"><div class=\"fusion-layout-column fusion_builder_column fusion-builder-column-2 fusion_builder_column_1_2 1_2 fusion-flex-column fusion-flex-align-self-stretch colHover darkBlue\" style=\"--awb-padding-top:200px;--awb-padding-right:10%;--awb-padding-bottom:200px;--awb-padding-left:10%;--awb-bg-position:center bottom;--awb-bg-size:cover;--awb-width-large:50%;--awb-margin-top-large:0px;--awb-spacing-right-large:0px;--awb-margin-bottom-large:0px;--awb-spacing-left-large:0px;--awb-width-medium:100%;--awb-order-medium:0;--awb-spacing-right-medium:0px;--awb-spacing-left-medium:0px;--awb-width-small:100%;--awb-order-small:0;--awb-spacing-right-small:0px;--awb-spacing-left-small:0px;\"><div class=\"fusion-column-wrapper lazyload fusion-column-has-shadow fusion-flex-justify-content-center fusion-content-layout-column fusion-column-has-bg-image\" data-bg-url=\"https:\/\/endurethecycle.com\/wp-content\/uploads\/2022\/11\/about_people-nature.jpg\" data-bg=\"https:\/\/endurethecycle.com\/wp-content\/uploads\/2022\/11\/about_people-nature.jpg\"><div class=\"fusion-title title fusion-title-6 fusion-sep-none fusion-title-center fusion-title-text fusion-title-size-two\" style=\"--awb-text-color:var(--awb-color1);--awb-margin-bottom:2%;--awb-font-size:26px;\"><h2 class=\"fusion-title-heading title-heading-center fusion-responsive-typography-calculated\" style=\"font-family:&quot;PT Sans&quot;;font-style:normal;font-weight:700;margin:0;font-size:1em;letter-spacing:var(--awb-typography2-letter-spacing);text-transform:uppercase;--fontSize:26;--minFontSize:26;line-height:var(--awb-typography2-line-height);\">ADAPTA\u00c7\u00c3O<\/h2><\/div><div class=\"fusion-title title fusion-title-7 fusion-sep-none fusion-title-center fusion-title-text fusion-title-size-two\" style=\"--awb-text-color:var(--awb-color1);--awb-margin-right:40px;--awb-margin-bottom:2%;--awb-margin-left:40px;--awb-font-size:22px;\"><h2 class=\"fusion-title-heading title-heading-center fusion-responsive-typography-calculated\" style=\"font-family:&quot;PT Sans&quot;;font-style:normal;font-weight:400;margin:0;font-size:1em;letter-spacing:var(--awb-typography2-letter-spacing);text-transform:var(--awb-typography2-text-transform);--fontSize:22;--minFontSize:22;line-height:1.6;\">A ind\u00fastria e o contexto global exigem <strong>flexibilidade e resili\u00eancia<\/strong> e, por essa raz\u00e3o, estamos a trabalhar em prol da circularidade e constru\u00e7\u00e3o de cadeias de valor mais respons\u00e1veis.<\/h2><\/div><\/div><\/div><div class=\"fusion-layout-column fusion_builder_column fusion-builder-column-3 fusion_builder_column_1_2 1_2 fusion-flex-column fusion-flex-align-self-stretch colHover lightBlue\" style=\"--awb-padding-top:200px;--awb-padding-right:10%;--awb-padding-bottom:200px;--awb-padding-left:10%;--awb-bg-position:center center;--awb-bg-size:cover;--awb-width-large:50%;--awb-margin-top-large:0px;--awb-spacing-right-large:0px;--awb-margin-bottom-large:0px;--awb-spacing-left-large:0px;--awb-width-medium:100%;--awb-order-medium:0;--awb-spacing-right-medium:0px;--awb-spacing-left-medium:0px;--awb-width-small:100%;--awb-order-small:0;--awb-spacing-right-small:0px;--awb-spacing-left-small:0px;\"><div class=\"fusion-column-wrapper lazyload fusion-column-has-shadow fusion-flex-justify-content-center fusion-content-layout-column fusion-column-has-bg-image\" data-bg-url=\"https:\/\/endurethecycle.com\/wp-content\/uploads\/2022\/11\/about_motion.jpg\" data-bg=\"https:\/\/endurethecycle.com\/wp-content\/uploads\/2022\/11\/about_motion.jpg\"><div class=\"fusion-title title fusion-title-8 fusion-sep-none fusion-title-center fusion-title-text fusion-title-size-two\" style=\"--awb-text-color:var(--awb-color1);--awb-margin-bottom:2%;--awb-font-size:26px;\"><h2 class=\"fusion-title-heading title-heading-center fusion-responsive-typography-calculated\" style=\"font-family:&quot;PT Sans&quot;;font-style:normal;font-weight:700;margin:0;font-size:1em;letter-spacing:var(--awb-typography2-letter-spacing);text-transform:uppercase;--fontSize:26;--minFontSize:26;line-height:var(--awb-typography2-line-height);\">RESPEITO<\/h2><\/div><div class=\"fusion-title title fusion-title-9 fusion-sep-none fusion-title-center fusion-title-text fusion-title-size-two\" style=\"--awb-text-color:var(--awb-color1);--awb-margin-right:40px;--awb-margin-bottom:2%;--awb-margin-left:40px;--awb-font-size:22px;\"><h2 class=\"fusion-title-heading title-heading-center fusion-responsive-typography-calculated\" style=\"font-family:&quot;PT Sans&quot;;font-style:normal;font-weight:400;margin:0;font-size:1em;letter-spacing:var(--awb-typography2-letter-spacing);text-transform:var(--awb-typography2-text-transform);--fontSize:22;--minFontSize:22;line-height:1.6;\"><p class=\"font_5\">Conscientes do nosso impacto no <strong>ambiente e na comunidade<\/strong>, estamos a integrar princ\u00edpios <em>ESG <\/em>(ambientais, sociais e de governa\u00e7\u00e3o) na nossa estrat\u00e9gia empresarial.<\/p><\/h2><\/div><\/div><\/div><\/div><\/div><div class=\"fusion-fullwidth fullwidth-box fusion-builder-row-4 fusion-flex-container has-pattern-background has-mask-background hundred-percent-fullwidth non-hundred-percent-height-scrolling\" style=\"--awb-border-radius-top-left:0px;--awb-border-radius-top-right:0px;--awb-border-radius-bottom-right:0px;--awb-border-radius-bottom-left:0px;--awb-padding-top:0px;--awb-padding-right:0px;--awb-padding-bottom:0px;--awb-padding-left:0px;--awb-padding-top-medium:100px;--awb-padding-top-small:0px;--awb-margin-top:0px;--awb-margin-bottom:65px;--awb-margin-top-medium:0px;--awb-margin-bottom-medium:0px;--awb-margin-top-small:0px;--awb-margin-bottom-small:0px;--awb-background-color:var(--awb-color1);--awb-flex-wrap:wrap;\" id=\"about_about\" ><div class=\"fusion-builder-row fusion-row fusion-flex-align-items-flex-start fusion-flex-content-wrap\" style=\"width:calc( 100% + 0px ) !important;max-width:calc( 100% + 0px ) !important;margin-left: calc(-0px \/ 2 );margin-right: calc(-0px \/ 2 );\"><div class=\"fusion-layout-column fusion_builder_column fusion-builder-column-4 fusion_builder_column_1_2 1_2 fusion-flex-column fusion-flex-align-self-stretch colHover darkGreen\" style=\"--awb-padding-top:200px;--awb-padding-right:10%;--awb-padding-bottom:200px;--awb-padding-left:10%;--awb-bg-position:center center;--awb-bg-size:cover;--awb-width-large:50%;--awb-margin-top-large:0px;--awb-spacing-right-large:0px;--awb-margin-bottom-large:0px;--awb-spacing-left-large:0px;--awb-width-medium:100%;--awb-order-medium:0;--awb-spacing-right-medium:0px;--awb-spacing-left-medium:0px;--awb-width-small:100%;--awb-order-small:0;--awb-spacing-right-small:0px;--awb-spacing-left-small:0px;\"><div class=\"fusion-column-wrapper lazyload fusion-column-has-shadow fusion-flex-justify-content-center fusion-content-layout-column fusion-column-has-bg-image\" data-bg-url=\"https:\/\/endurethecycle.com\/wp-content\/uploads\/2022\/11\/about_clear.jpg\" data-bg=\"https:\/\/endurethecycle.com\/wp-content\/uploads\/2022\/11\/about_clear.jpg\"><div class=\"fusion-title title fusion-title-10 fusion-sep-none fusion-title-center fusion-title-text fusion-title-size-two\" style=\"--awb-text-color:var(--awb-color1);--awb-margin-bottom:2%;--awb-font-size:26px;\"><h2 class=\"fusion-title-heading title-heading-center fusion-responsive-typography-calculated\" style=\"font-family:&quot;PT Sans&quot;;font-style:normal;font-weight:700;margin:0;font-size:1em;letter-spacing:var(--awb-typography2-letter-spacing);text-transform:uppercase;--fontSize:26;--minFontSize:26;line-height:var(--awb-typography2-line-height);\">TRANSPAR\u00caNCIA<\/h2><\/div><div class=\"fusion-title title fusion-title-11 fusion-sep-none fusion-title-center fusion-title-text fusion-title-size-two\" style=\"--awb-text-color:var(--awb-color1);--awb-margin-right:40px;--awb-margin-bottom:2%;--awb-margin-left:40px;--awb-font-size:22px;\"><h2 class=\"fusion-title-heading title-heading-center fusion-responsive-typography-calculated\" style=\"font-family:&quot;PT Sans&quot;;font-style:normal;font-weight:400;margin:0;font-size:1em;letter-spacing:var(--awb-typography2-letter-spacing);text-transform:var(--awb-typography2-text-transform);--fontSize:22;--minFontSize:22;line-height:1.6;\">Porque privilegiamos a <strong>transpar\u00eancia<\/strong>, estamos empenhados em tornar acess\u00edvel e divulgar informa\u00e7\u00e3o sobre os nossos produtos e processos.<\/h2><\/div><\/div><\/div><div class=\"fusion-layout-column fusion_builder_column fusion-builder-column-5 fusion_builder_column_1_2 1_2 fusion-flex-column fusion-flex-align-self-stretch colHover lightGreen\" style=\"--awb-padding-top:200px;--awb-padding-right:10%;--awb-padding-bottom:200px;--awb-padding-left:10%;--awb-bg-position:center center;--awb-bg-size:cover;--awb-width-large:50%;--awb-margin-top-large:0px;--awb-spacing-right-large:0px;--awb-margin-bottom-large:0px;--awb-spacing-left-large:0px;--awb-width-medium:100%;--awb-order-medium:0;--awb-spacing-right-medium:0px;--awb-spacing-left-medium:0px;--awb-width-small:100%;--awb-order-small:0;--awb-spacing-right-small:0px;--awb-spacing-left-small:0px;\"><div class=\"fusion-column-wrapper lazyload fusion-column-has-shadow fusion-flex-justify-content-center fusion-content-layout-column fusion-column-has-bg-image\" data-bg-url=\"https:\/\/endurethecycle.com\/wp-content\/uploads\/2022\/11\/about_circle.jpg\" data-bg=\"https:\/\/endurethecycle.com\/wp-content\/uploads\/2022\/11\/about_circle.jpg\"><div class=\"fusion-title title fusion-title-12 fusion-sep-none fusion-title-center fusion-title-text fusion-title-size-two\" style=\"--awb-text-color:var(--awb-color1);--awb-margin-bottom:2%;--awb-font-size:26px;\"><h2 class=\"fusion-title-heading title-heading-center fusion-responsive-typography-calculated\" style=\"font-family:&quot;PT Sans&quot;;font-style:normal;font-weight:700;margin:0;font-size:1em;letter-spacing:var(--awb-typography2-letter-spacing);text-transform:uppercase;--fontSize:26;--minFontSize:26;line-height:var(--awb-typography2-line-height);\">COLABORA\u00c7\u00c3O<\/h2><\/div><div class=\"fusion-title title fusion-title-13 fusion-sep-none fusion-title-center fusion-title-text fusion-title-size-two\" style=\"--awb-text-color:var(--awb-color1);--awb-margin-right:40px;--awb-margin-bottom:2%;--awb-margin-left:40px;--awb-font-size:22px;\"><h2 class=\"fusion-title-heading title-heading-center fusion-responsive-typography-calculated\" style=\"font-family:&quot;PT Sans&quot;;font-style:normal;font-weight:400;margin:0;font-size:1em;letter-spacing:var(--awb-typography2-letter-spacing);text-transform:var(--awb-typography2-text-transform);--fontSize:22;--minFontSize:22;line-height:1.6;\"><p class=\"font_5\">As <strong>pessoas s\u00e3o o elemento-chave<\/strong> para a resolu\u00e7\u00e3o dos desafios globais e, com base nesse princ\u00edpio, damos voz e apoiamos projetos que partilhem a nossa vis\u00e3o.<\/p><\/h2><\/div><\/div><\/div><\/div><\/div><\/p>\n","protected":false},"excerpt":{"rendered":"","protected":false},"author":1,"featured_media":0,"parent":0,"menu_order":4,"comment_status":"closed","ping_status":"closed","template":"100-width.php","meta":{"inline_featured_image":false,"footnotes":"","_links_to":"","_links_to_target":""},"class_list":["post-5001","page","type-page","status-publish","hentry"],"yoast_head":"<!-- This site is optimized with the Yoast SEO plugin v24.4 - https:\/\/yoast.com\/wordpress\/plugins\/seo\/ -->\n<title>Sobre N\u00f3s - Endure the Cycle<\/title>\n<meta name=\"description\" content=\"A interse\u00e7\u00e3o entre a nossa cultura e o contexto global resulta na oportunidade de contribuir para uma sociedade mais inclusiva e sustent\u00e1vel.\" \/>\n<meta name=\"robots\" content=\"index, follow, max-snippet:-1, max-image-preview:large, max-video-preview:-1\" \/>\n<link rel=\"canonical\" href=\"https:\/\/endurethecycle.com\/pt-pt\/sobre-nos\/\" \/>\n<meta property=\"og:locale\" content=\"pt_PT\" \/>\n<meta property=\"og:type\" content=\"article\" \/>\n<meta property=\"og:title\" content=\"Sobre N\u00f3s - Endure the Cycle\" \/>\n<meta property=\"og:description\" content=\"A interse\u00e7\u00e3o entre a nossa cultura e o contexto global resulta na oportunidade de contribuir para uma sociedade mais inclusiva e sustent\u00e1vel.\" \/>\n<meta property=\"og:url\" content=\"https:\/\/endurethecycle.com\/pt-pt\/sobre-nos\/\" \/>\n<meta property=\"og:site_name\" content=\"Endure the Cycle\" \/>\n<meta property=\"article:modified_time\" content=\"2023-03-13T11:27:57+00:00\" \/>\n<meta name=\"twitter:card\" content=\"summary_large_image\" \/>\n<meta name=\"twitter:label1\" content=\"Tempo estimado de leitura\" \/>\n\t<meta name=\"twitter:data1\" content=\"12 minutos\" \/>\n<script type=\"application\/ld+json\" class=\"yoast-schema-graph\">{\"@context\":\"https:\/\/schema.org\",\"@graph\":[{\"@type\":\"WebPage\",\"@id\":\"https:\/\/endurethecycle.com\/pt-pt\/sobre-nos\/\",\"url\":\"https:\/\/endurethecycle.com\/pt-pt\/sobre-nos\/\",\"name\":\"Sobre N\u00f3s - Endure the Cycle\",\"isPartOf\":{\"@id\":\"https:\/\/endurethecycle.com\/pt-pt\/#website\"},\"datePublished\":\"2022-11-11T16:12:45+00:00\",\"dateModified\":\"2023-03-13T11:27:57+00:00\",\"description\":\"A interse\u00e7\u00e3o entre a nossa cultura e o contexto global resulta na oportunidade de contribuir para uma sociedade mais inclusiva e sustent\u00e1vel.\",\"breadcrumb\":{\"@id\":\"https:\/\/endurethecycle.com\/pt-pt\/sobre-nos\/#breadcrumb\"},\"inLanguage\":\"pt-PT\",\"potentialAction\":[{\"@type\":\"ReadAction\",\"target\":[\"https:\/\/endurethecycle.com\/pt-pt\/sobre-nos\/\"]}]},{\"@type\":\"BreadcrumbList\",\"@id\":\"https:\/\/endurethecycle.com\/pt-pt\/sobre-nos\/#breadcrumb\",\"itemListElement\":[{\"@type\":\"ListItem\",\"position\":1,\"name\":\"Home\",\"item\":\"https:\/\/endurethecycle.com\/pt-pt\/\"},{\"@type\":\"ListItem\",\"position\":2,\"name\":\"Sobre N\u00f3s\"}]},{\"@type\":\"WebSite\",\"@id\":\"https:\/\/endurethecycle.com\/pt-pt\/#website\",\"url\":\"https:\/\/endurethecycle.com\/pt-pt\/\",\"name\":\"Endure the Cycle\",\"description\":\"To keep our culture sustainable\",\"potentialAction\":[{\"@type\":\"SearchAction\",\"target\":{\"@type\":\"EntryPoint\",\"urlTemplate\":\"https:\/\/endurethecycle.com\/pt-pt\/?s={search_term_string}\"},\"query-input\":{\"@type\":\"PropertyValueSpecification\",\"valueRequired\":true,\"valueName\":\"search_term_string\"}}],\"inLanguage\":\"pt-PT\"}]}<\/script>\n<!-- \/ Yoast SEO plugin. -->","yoast_head_json":{"title":"Sobre N\u00f3s - Endure the Cycle","description":"A interse\u00e7\u00e3o entre a nossa cultura e o contexto global resulta na oportunidade de contribuir para uma sociedade mais inclusiva e sustent\u00e1vel.","robots":{"index":"index","follow":"follow","max-snippet":"max-snippet:-1","max-image-preview":"max-image-preview:large","max-video-preview":"max-video-preview:-1"},"canonical":"https:\/\/endurethecycle.com\/pt-pt\/sobre-nos\/","og_locale":"pt_PT","og_type":"article","og_title":"Sobre N\u00f3s - Endure the Cycle","og_description":"A interse\u00e7\u00e3o entre a nossa cultura e o contexto global resulta na oportunidade de contribuir para uma sociedade mais inclusiva e sustent\u00e1vel.","og_url":"https:\/\/endurethecycle.com\/pt-pt\/sobre-nos\/","og_site_name":"Endure the Cycle","article_modified_time":"2023-03-13T11:27:57+00:00","twitter_card":"summary_large_image","twitter_misc":{"Tempo estimado de leitura":"12 minutos"},"schema":{"@context":"https:\/\/schema.org","@graph":[{"@type":"WebPage","@id":"https:\/\/endurethecycle.com\/pt-pt\/sobre-nos\/","url":"https:\/\/endurethecycle.com\/pt-pt\/sobre-nos\/","name":"Sobre N\u00f3s - Endure the Cycle","isPartOf":{"@id":"https:\/\/endurethecycle.com\/pt-pt\/#website"},"datePublished":"2022-11-11T16:12:45+00:00","dateModified":"2023-03-13T11:27:57+00:00","description":"A interse\u00e7\u00e3o entre a nossa cultura e o contexto global resulta na oportunidade de contribuir para uma sociedade mais inclusiva e sustent\u00e1vel.","breadcrumb":{"@id":"https:\/\/endurethecycle.com\/pt-pt\/sobre-nos\/#breadcrumb"},"inLanguage":"pt-PT","potentialAction":[{"@type":"ReadAction","target":["https:\/\/endurethecycle.com\/pt-pt\/sobre-nos\/"]}]},{"@type":"BreadcrumbList","@id":"https:\/\/endurethecycle.com\/pt-pt\/sobre-nos\/#breadcrumb","itemListElement":[{"@type":"ListItem","position":1,"name":"Home","item":"https:\/\/endurethecycle.com\/pt-pt\/"},{"@type":"ListItem","position":2,"name":"Sobre N\u00f3s"}]},{"@type":"WebSite","@id":"https:\/\/endurethecycle.com\/pt-pt\/#website","url":"https:\/\/endurethecycle.com\/pt-pt\/","name":"Endure the Cycle","description":"To keep our culture sustainable","potentialAction":[{"@type":"SearchAction","target":{"@type":"EntryPoint","urlTemplate":"https:\/\/endurethecycle.com\/pt-pt\/?s={search_term_string}"},"query-input":{"@type":"PropertyValueSpecification","valueRequired":true,"valueName":"search_term_string"}}],"inLanguage":"pt-PT"}]}},"_links":{"self":[{"href":"https:\/\/endurethecycle.com\/pt-pt\/wp-json\/wp\/v2\/pages\/5001","targetHints":{"allow":["GET"]}}],"collection":[{"href":"https:\/\/endurethecycle.com\/pt-pt\/wp-json\/wp\/v2\/pages"}],"about":[{"href":"https:\/\/endurethecycle.com\/pt-pt\/wp-json\/wp\/v2\/types\/page"}],"author":[{"embeddable":true,"href":"https:\/\/endurethecycle.com\/pt-pt\/wp-json\/wp\/v2\/users\/1"}],"replies":[{"embeddable":true,"href":"https:\/\/endurethecycle.com\/pt-pt\/wp-json\/wp\/v2\/comments?post=5001"}],"version-history":[{"count":11,"href":"https:\/\/endurethecycle.com\/pt-pt\/wp-json\/wp\/v2\/pages\/5001\/revisions"}],"predecessor-version":[{"id":5458,"href":"https:\/\/endurethecycle.com\/pt-pt\/wp-json\/wp\/v2\/pages\/5001\/revisions\/5458"}],"wp:attachment":[{"href":"https:\/\/endurethecycle.com\/pt-pt\/wp-json\/wp\/v2\/media?parent=5001"}],"curies":[{"name":"wp","href":"https:\/\/api.w.org\/{rel}","templated":true}]}}