{"id":5433,"date":"2023-02-23T17:03:24","date_gmt":"2023-02-23T17:03:24","guid":{"rendered":"https:\/\/endurethecycle.com\/?page_id=5433"},"modified":"2023-03-13T11:41:40","modified_gmt":"2023-03-13T11:41:40","slug":"media","status":"publish","type":"page","link":"https:\/\/endurethecycle.com\/pt-pt\/media\/","title":{"rendered":"Media"},"content":{"rendered":"<p><div class=\"fusion-bg-parallax\" data-bg-align=\"center center\" data-direction=\"down\" data-mute=\"false\" data-opacity=\"100\" data-velocity=\"-0.2\" data-mobile-enabled=\"true\" data-break_parents=\"0\" data-bg-image=\"https:\/\/endurethecycle.com\/wp-content\/uploads\/2023\/02\/bg_media.jpg\" data-bg-repeat=\"false\" ><\/div><div class=\"fusion-fullwidth fullwidth-box fusion-builder-row-1 fusion-flex-container has-pattern-background has-mask-background fusion-parallax-down hundred-percent-fullwidth non-hundred-percent-height-scrolling lazyload\" style=\"--awb-border-radius-top-left:0px;--awb-border-radius-top-right:0px;--awb-border-radius-bottom-right:0px;--awb-border-radius-bottom-left:0px;--awb-padding-top:0px;--awb-padding-right:0px;--awb-padding-bottom:0px;--awb-padding-left:0px;--awb-margin-top:0px;--awb-margin-bottom:0px;--awb-background-size:cover;--awb-flex-wrap:wrap;\" data-bg=\"https:\/\/endurethecycle.com\/wp-content\/uploads\/2023\/02\/bg_media.jpg\" id=\"hp_header\" ><div class=\"fusion-builder-row fusion-row fusion-flex-align-items-flex-start fusion-flex-content-wrap\" style=\"width:105% !important;max-width:105% !important;margin-left: calc(-5% \/ 2 );margin-right: calc(-5% \/ 2 );\"><div class=\"fusion-layout-column fusion_builder_column fusion-builder-column-0 fusion_builder_column_1_1 1_1 fusion-flex-column\" style=\"--awb-padding-top:0px;--awb-padding-bottom:0px;--awb-bg-size:cover;--awb-width-large:100%;--awb-margin-top-large:0px;--awb-spacing-right-large:2.375%;--awb-margin-bottom-large:0px;--awb-spacing-left-large:2.375%;--awb-width-medium:100%;--awb-order-medium:0;--awb-spacing-right-medium:2.375%;--awb-spacing-left-medium:2.375%;--awb-width-small:100%;--awb-order-small:0;--awb-spacing-right-small:2.375%;--awb-spacing-left-small:2.375%;\"><div class=\"fusion-column-wrapper fusion-column-has-shadow fusion-flex-justify-content-flex-start fusion-content-layout-column\"><div class=\"fusion-separator fusion-full-width-sep\" style=\"align-self: center;margin-left: auto;margin-right: auto;margin-top:200px;margin-bottom:200px;width:100%;\"><\/div><\/div><\/div><\/div><\/div><div class=\"fusion-fullwidth fullwidth-box fusion-builder-row-2 fusion-flex-container has-pattern-background has-mask-background nonhundred-percent-fullwidth non-hundred-percent-height-scrolling\" style=\"--awb-border-radius-top-left:0px;--awb-border-radius-top-right:0px;--awb-border-radius-bottom-right:0px;--awb-border-radius-bottom-left:0px;--awb-padding-top:5%;--awb-padding-bottom:0%;--awb-padding-right-medium:60px;--awb-padding-bottom-medium:10px;--awb-padding-left-medium:60px;--awb-background-color:var(--awb-color1);--awb-flex-wrap:wrap;\" id=\"hp_blog\" ><div class=\"fusion-builder-row fusion-row fusion-flex-align-items-flex-start fusion-flex-content-wrap\" style=\"max-width:calc( 1260px + 0px );margin-left: calc(-0px \/ 2 );margin-right: calc(-0px \/ 2 );\"><div class=\"fusion-layout-column fusion_builder_column fusion-builder-column-1 fusion_builder_column_1_1 1_1 fusion-flex-column fusion-animated\" style=\"--awb-bg-blend:overlay;--awb-bg-size:cover;--awb-width-large:100%;--awb-margin-top-large:0px;--awb-spacing-right-large:0px;--awb-margin-bottom-large:0px;--awb-spacing-left-large:0px;--awb-width-medium:100%;--awb-spacing-right-medium:0px;--awb-spacing-left-medium:0px;--awb-width-small:100%;--awb-spacing-right-small:0px;--awb-spacing-left-small:0px;\" data-animationType=\"fadeInUp\" data-animationDuration=\"1.0\" data-animationOffset=\"top-into-view\"><div class=\"fusion-column-wrapper fusion-flex-justify-content-flex-start fusion-content-layout-column\"><div class=\"fusion-separator fusion-no-large-visibility\" style=\"align-self: center;margin-left: auto;margin-right: auto;margin-top:5%;width:100%;max-width:70px;\"><\/div><div class=\"fusion-title title fusion-title-1 fusion-sep-none fusion-title-center fusion-title-text fusion-title-size-two\" style=\"--awb-text-color:var(--awb-color2);--awb-margin-right:20px;--awb-margin-bottom:2%;--awb-margin-left:20px;--awb-font-size:22px;\"><h2 class=\"fusion-title-heading title-heading-center fusion-responsive-typography-calculated\" style=\"font-family:&quot;PT Sans&quot;;font-style:normal;font-weight:400;margin:0;font-size:1em;letter-spacing:var(--awb-typography2-letter-spacing);text-transform:var(--awb-typography2-text-transform);--fontSize:22;--minFontSize:22;line-height:var(--awb-typography2-line-height);\"><b>O que outras pessoas e organiza\u00e7\u00f5es dizem sobre o nosso trabalho.<\/b><\/h2><\/div><div class=\"fusion-separator\" style=\"align-self: center;margin-left: auto;margin-right: auto;margin-top:2%;margin-bottom:4%;width:100%;max-width:70px;\"><div class=\"fusion-separator-border sep-single sep-solid\" style=\"--awb-height:20px;--awb-amount:20px;border-color:var(--awb-color4);border-top-width:1px;\"><\/div><\/div><div class=\"fusion-separator fusion-no-medium-visibility fusion-no-large-visibility\" style=\"align-self: center;margin-left: auto;margin-right: auto;margin-bottom:7%;width:100%;max-width:70px;\"><\/div><div class=\"fusion-blog-shortcode fusion-blog-shortcode-1 fusion-blog-archive fusion-blog-layout-grid-wrapper fusion-blog-pagination fusion-blog-layout-center\"><style type=\"text\/css\">.fusion-blog-shortcode-1 .fusion-blog-layout-grid .fusion-post-grid{padding:20px;}.fusion-blog-shortcode-1 .fusion-posts-container{margin-left: -20px !important; margin-right:-20px !important;}<\/style><div class=\"fusion-posts-container fusion-posts-container-pagination fusion-blog-rollover fusion-blog-layout-grid fusion-blog-layout-grid-3 isotope fusion-blog-equal-heights\" data-pages=\"1\" data-grid-col-space=\"40\" style=\"margin: -20px -20px 0;min-height:500px;\"><article id=\"blog-1-post-5640\" class=\"fusion-post-grid post-5640 post type-post status-publish format-standard has-post-thumbnail hentry category-media-pt-pt\">\n<div class=\"fusion-post-wrapper\" style=\"background-color:var(--awb-color1);border:none;\">\n\n\t\t\t<div class=\"fusion-flexslider flexslider fusion-flexslider-loading fusion-post-slideshow\" style=\"border-color:rgba(235,234,234,0);\">\n\t\t<ul class=\"slides\">\n\t\t\t\n\t\t\t\t\t\t\t\t\t\t\t\t\t\t<li><div  class=\"fusion-image-wrapper\" aria-haspopup=\"true\">\n\t\t\t\t<img decoding=\"async\" width=\"1141\" height=\"685\" src=\"data:image\/svg+xml,%3Csvg%20xmlns%3D%27http%3A%2F%2Fwww.w3.org%2F2000%2Fsvg%27%20width%3D%271141%27%20height%3D%27685%27%20viewBox%3D%270%200%201141%20685%27%3E%3Crect%20width%3D%271141%27%20height%3D%27685%27%20fill-opacity%3D%220%22%2F%3E%3C%2Fsvg%3E\" class=\"attachment-full size-full lazyload wp-post-image\" alt=\"\" data-orig-src=\"https:\/\/endurethecycle.com\/wp-content\/uploads\/2023\/04\/onfire2.png\" \/><div class=\"fusion-rollover\">\n\t<div class=\"fusion-rollover-content\">\n\n\t\t\t\t\t\t\t\t\t\t\t\t\t\t<a class=\"fusion-rollover-link\" href=\"https:\/\/www.onfiresurfmag.com\/noticias\/despomar-afirma-compromissos-esg-ambientais-sociais-e-de-governacao-atraves-do-projeto-endure-the-cycle\/\">ONFIRE &#8211; Despomar afirma compromissos ESG<\/a>\n\t\t\t\n\t\t\t\t\t\t\t\t\n\t\t\n\t\t\t\t\t\t\t\t\t\t\t\t<h4 class=\"fusion-rollover-title\">\n\t\t\t\t\t<a class=\"fusion-rollover-title-link\" href=\"https:\/\/www.onfiresurfmag.com\/noticias\/despomar-afirma-compromissos-esg-ambientais-sociais-e-de-governacao-atraves-do-projeto-endure-the-cycle\/\">\n\t\t\t\t\t\tONFIRE &#8211; Despomar afirma compromissos ESG\t\t\t\t\t<\/a>\n\t\t\t\t<\/h4>\n\t\t\t\n\t\t\t\t\t\t\t\t\n\t\t\n\t\t\t\t\t\t<a class=\"fusion-link-wrapper\" href=\"https:\/\/www.onfiresurfmag.com\/noticias\/despomar-afirma-compromissos-esg-ambientais-sociais-e-de-governacao-atraves-do-projeto-endure-the-cycle\/\" aria-label=\"ONFIRE &#8211; Despomar afirma compromissos ESG\"><\/a>\n\t<\/div>\n<\/div>\n<\/div>\n<\/li>\n\t\t\t\n\t\t\t\n\t\t\t\t\t\t\t\t\t\t\t\t\t\t\t\t\t\t\t\t\t\t\t\t\t\t\t\t\t\t\t\t\t\t\t\t\t\t\t\t\t\t\t\t\t\t\t\t\t\t\t\t\t\t\t\t\t\t\t\t\t\t\t\t\t\t\t\t<\/ul>\n\t<\/div>\n\t<div class=\"fusion-post-content-wrapper\" style=\"padding:30px 25px 25px 0;\"><div class=\"fusion-post-content post-content\"><h2 class=\"blog-shortcode-post-title entry-title\"><a href=\"https:\/\/www.onfiresurfmag.com\/noticias\/despomar-afirma-compromissos-esg-ambientais-sociais-e-de-governacao-atraves-do-projeto-endure-the-cycle\/\">ONFIRE &#8211; Despomar afirma compromissos ESG<\/a><\/h2><p class=\"fusion-single-line-meta\"><span class=\"vcard\" style=\"display: none;\"><span class=\"fn\"><a href=\"https:\/\/endurethecycle.com\/pt-pt\/author\/despomar\/\" title=\"Artigos de despomar\" rel=\"author\">despomar<\/a><\/span><\/span><span class=\"updated\" style=\"display:none;\">2023-04-19T09:36:32+00:00<\/span><span>Abril 16, 2023<\/span><span class=\"fusion-inline-sep\">|<\/span><\/p><div class=\"fusion-content-sep sep-none\"><\/div><div class=\"fusion-post-content-container\"><p><\/p><\/div><\/div><\/div><div class=\"fusion-clearfix\"><\/div><\/div>\n<\/article>\n<article id=\"blog-1-post-5642\" class=\"fusion-post-grid post-5642 post type-post status-publish format-standard has-post-thumbnail hentry category-media-pt-pt\">\n<div class=\"fusion-post-wrapper\" style=\"background-color:var(--awb-color1);border:none;\">\n\n\t\t\t<div class=\"fusion-flexslider flexslider fusion-flexslider-loading fusion-post-slideshow\" style=\"border-color:rgba(235,234,234,0);\">\n\t\t<ul class=\"slides\">\n\t\t\t\n\t\t\t\t\t\t\t\t\t\t\t\t\t\t<li><div  class=\"fusion-image-wrapper\" aria-haspopup=\"true\">\n\t\t\t\t<img decoding=\"async\" width=\"945\" height=\"846\" src=\"https:\/\/endurethecycle.com\/wp-content\/uploads\/2023\/04\/Visao.png\" class=\"attachment-full size-full lazyload wp-post-image\" alt=\"\" srcset=\"data:image\/svg+xml,%3Csvg%20xmlns%3D%27http%3A%2F%2Fwww.w3.org%2F2000%2Fsvg%27%20width%3D%27945%27%20height%3D%27846%27%20viewBox%3D%270%200%20945%20846%27%3E%3Crect%20width%3D%27945%27%20height%3D%27846%27%20fill-opacity%3D%220%22%2F%3E%3C%2Fsvg%3E\" data-orig-src=\"https:\/\/endurethecycle.com\/wp-content\/uploads\/2023\/04\/Visao.png\" data-srcset=\"https:\/\/endurethecycle.com\/wp-content\/uploads\/2023\/04\/Visao-200x179.png 200w, https:\/\/endurethecycle.com\/wp-content\/uploads\/2023\/04\/Visao-400x358.png 400w, https:\/\/endurethecycle.com\/wp-content\/uploads\/2023\/04\/Visao-600x537.png 600w, https:\/\/endurethecycle.com\/wp-content\/uploads\/2023\/04\/Visao-800x716.png 800w, https:\/\/endurethecycle.com\/wp-content\/uploads\/2023\/04\/Visao.png 945w\" data-sizes=\"auto\" \/><div class=\"fusion-rollover\">\n\t<div class=\"fusion-rollover-content\">\n\n\t\t\t\t\t\t\t\t\t\t\t\t\t\t<a class=\"fusion-rollover-link\" href=\"https:\/\/visao.sapo.pt\/conteudopatrocinado\/2023-04-13-despomar-reforca-estrategia-ambiental-e-social\/\">Vis\u00e3o Verde &#8211; Despomar refor\u00e7a estrat\u00e9gia ESG<\/a>\n\t\t\t\n\t\t\t\t\t\t\t\t\n\t\t\n\t\t\t\t\t\t\t\t\t\t\t\t<h4 class=\"fusion-rollover-title\">\n\t\t\t\t\t<a class=\"fusion-rollover-title-link\" href=\"https:\/\/visao.sapo.pt\/conteudopatrocinado\/2023-04-13-despomar-reforca-estrategia-ambiental-e-social\/\">\n\t\t\t\t\t\tVis\u00e3o Verde &#8211; Despomar refor\u00e7a estrat\u00e9gia ESG\t\t\t\t\t<\/a>\n\t\t\t\t<\/h4>\n\t\t\t\n\t\t\t\t\t\t\t\t\n\t\t\n\t\t\t\t\t\t<a class=\"fusion-link-wrapper\" href=\"https:\/\/visao.sapo.pt\/conteudopatrocinado\/2023-04-13-despomar-reforca-estrategia-ambiental-e-social\/\" aria-label=\"Vis\u00e3o Verde &#8211; Despomar refor\u00e7a estrat\u00e9gia ESG\"><\/a>\n\t<\/div>\n<\/div>\n<\/div>\n<\/li>\n\t\t\t\n\t\t\t\n\t\t\t\t\t\t\t\t\t\t\t\t\t\t\t\t\t\t\t\t\t\t\t\t\t\t\t\t\t\t\t\t\t\t\t\t\t\t\t\t\t\t\t\t\t\t\t\t\t\t\t\t\t\t\t\t\t\t\t\t\t\t\t\t\t\t\t\t<\/ul>\n\t<\/div>\n\t<div class=\"fusion-post-content-wrapper\" style=\"padding:30px 25px 25px 0;\"><div class=\"fusion-post-content post-content\"><h2 class=\"blog-shortcode-post-title entry-title\"><a href=\"https:\/\/visao.sapo.pt\/conteudopatrocinado\/2023-04-13-despomar-reforca-estrategia-ambiental-e-social\/\">Vis\u00e3o Verde &#8211; Despomar refor\u00e7a estrat\u00e9gia ESG<\/a><\/h2><p class=\"fusion-single-line-meta\"><span class=\"vcard\" style=\"display: none;\"><span class=\"fn\"><a href=\"https:\/\/endurethecycle.com\/pt-pt\/author\/despomar\/\" title=\"Artigos de despomar\" rel=\"author\">despomar<\/a><\/span><\/span><span class=\"updated\" style=\"display:none;\">2023-04-19T09:06:31+00:00<\/span><span>Abril 13, 2023<\/span><span class=\"fusion-inline-sep\">|<\/span><\/p><div class=\"fusion-content-sep sep-none\"><\/div><div class=\"fusion-post-content-container\"><p><\/p><\/div><\/div><\/div><div class=\"fusion-clearfix\"><\/div><\/div>\n<\/article>\n<article id=\"blog-1-post-5482\" class=\"fusion-post-grid post-5482 post type-post status-publish format-standard has-post-thumbnail hentry category-media-pt-pt category-media-pt-pt-2\">\n<div class=\"fusion-post-wrapper\" style=\"background-color:var(--awb-color1);border:none;\">\n\n\t\t\t<div class=\"fusion-flexslider flexslider fusion-flexslider-loading fusion-post-slideshow\" style=\"border-color:rgba(235,234,234,0);\">\n\t\t<ul class=\"slides\">\n\t\t\t\n\t\t\t\t\t\t\t\t\t\t\t\t\t\t<li><div  class=\"fusion-image-wrapper\" aria-haspopup=\"true\">\n\t\t\t\t<img decoding=\"async\" width=\"1920\" height=\"1261\" src=\"https:\/\/endurethecycle.com\/wp-content\/uploads\/2023\/02\/Capitulo-perfeito.png\" class=\"attachment-full size-full lazyload wp-post-image\" alt=\"\" srcset=\"data:image\/svg+xml,%3Csvg%20xmlns%3D%27http%3A%2F%2Fwww.w3.org%2F2000%2Fsvg%27%20width%3D%271920%27%20height%3D%271261%27%20viewBox%3D%270%200%201920%201261%27%3E%3Crect%20width%3D%271920%27%20height%3D%271261%27%20fill-opacity%3D%220%22%2F%3E%3C%2Fsvg%3E\" data-orig-src=\"https:\/\/endurethecycle.com\/wp-content\/uploads\/2023\/02\/Capitulo-perfeito.png\" data-srcset=\"https:\/\/endurethecycle.com\/wp-content\/uploads\/2023\/02\/Capitulo-perfeito-200x131.png 200w, https:\/\/endurethecycle.com\/wp-content\/uploads\/2023\/02\/Capitulo-perfeito-400x263.png 400w, https:\/\/endurethecycle.com\/wp-content\/uploads\/2023\/02\/Capitulo-perfeito-600x394.png 600w, https:\/\/endurethecycle.com\/wp-content\/uploads\/2023\/02\/Capitulo-perfeito-800x525.png 800w, https:\/\/endurethecycle.com\/wp-content\/uploads\/2023\/02\/Capitulo-perfeito-1200x788.png 1200w, https:\/\/endurethecycle.com\/wp-content\/uploads\/2023\/02\/Capitulo-perfeito.png 1920w\" data-sizes=\"auto\" \/><div class=\"fusion-rollover\">\n\t<div class=\"fusion-rollover-content\">\n\n\t\t\t\t\t\t\t\t\t\t\t\t\t\t<a class=\"fusion-rollover-link\" href=\"https:\/\/www.capituloperfeito.com\/noticias\/capitulo-perfeito-powered-by-billabong-atingira-a-meta-da-pegada-de-carbono-zero-em-2023\/\">Neutralidade Carb\u00f3nica Cap\u00edtulo Perfeito 2023<\/a>\n\t\t\t\n\t\t\t\t\t\t\t\t\n\t\t\n\t\t\t\t\t\t\t\t\t\t\t\t<h4 class=\"fusion-rollover-title\">\n\t\t\t\t\t<a class=\"fusion-rollover-title-link\" href=\"https:\/\/www.capituloperfeito.com\/noticias\/capitulo-perfeito-powered-by-billabong-atingira-a-meta-da-pegada-de-carbono-zero-em-2023\/\">\n\t\t\t\t\t\tNeutralidade Carb\u00f3nica Cap\u00edtulo Perfeito 2023\t\t\t\t\t<\/a>\n\t\t\t\t<\/h4>\n\t\t\t\n\t\t\t\t\t\t\t\t\n\t\t\n\t\t\t\t\t\t<a class=\"fusion-link-wrapper\" href=\"https:\/\/www.capituloperfeito.com\/noticias\/capitulo-perfeito-powered-by-billabong-atingira-a-meta-da-pegada-de-carbono-zero-em-2023\/\" aria-label=\"Neutralidade Carb\u00f3nica Cap\u00edtulo Perfeito 2023\"><\/a>\n\t<\/div>\n<\/div>\n<\/div>\n<\/li>\n\t\t\t\n\t\t\t\n\t\t\t\t\t\t\t\t\t\t\t\t\t\t\t\t\t\t\t\t\t\t\t\t\t\t\t\t\t\t\t\t\t\t\t\t\t\t\t\t\t\t\t\t\t\t\t\t\t\t\t\t\t\t\t\t\t\t\t\t\t\t\t\t\t\t\t\t<\/ul>\n\t<\/div>\n\t<div class=\"fusion-post-content-wrapper\" style=\"padding:30px 25px 25px 0;\"><div class=\"fusion-post-content post-content\"><h2 class=\"blog-shortcode-post-title entry-title\"><a href=\"https:\/\/www.capituloperfeito.com\/noticias\/capitulo-perfeito-powered-by-billabong-atingira-a-meta-da-pegada-de-carbono-zero-em-2023\/\">Neutralidade Carb\u00f3nica Cap\u00edtulo Perfeito 2023<\/a><\/h2><p class=\"fusion-single-line-meta\"><span class=\"vcard\" style=\"display: none;\"><span class=\"fn\"><a href=\"https:\/\/endurethecycle.com\/pt-pt\/author\/admin26\/\" title=\"Artigos de admin26\" rel=\"author\">admin26<\/a><\/span><\/span><span class=\"updated\" style=\"display:none;\">2023-03-13T15:21:53+00:00<\/span><span>Fevereiro 28, 2023<\/span><span class=\"fusion-inline-sep\">|<\/span><\/p><div class=\"fusion-content-sep sep-none\"><\/div><div class=\"fusion-post-content-container\"><p><\/p><\/div><\/div><\/div><div class=\"fusion-clearfix\"><\/div><\/div>\n<\/article>\n<div class=\"fusion-clearfix\"><\/div><\/div><\/div><\/div><\/div><\/div><\/div><\/p>\n","protected":false},"excerpt":{"rendered":"","protected":false},"author":1,"featured_media":0,"parent":0,"menu_order":6,"comment_status":"closed","ping_status":"closed","template":"100-width.php","meta":{"inline_featured_image":false,"footnotes":"","_links_to":"","_links_to_target":""},"class_list":["post-5433","page","type-page","status-publish","hentry"],"yoast_head":"<!-- This site is optimized with the Yoast SEO plugin v24.4 - https:\/\/yoast.com\/wordpress\/plugins\/seo\/ -->\n<title>Media - Endure the Cycle<\/title>\n<meta name=\"description\" content=\"Aqui podes encontrar o que outras pessoas e organiza\u00e7\u00f5es dizem sobre o nosso trabalho e o seu impacto na esfera social e ambiental.\" \/>\n<meta name=\"robots\" content=\"index, follow, max-snippet:-1, max-image-preview:large, max-video-preview:-1\" \/>\n<link rel=\"canonical\" href=\"https:\/\/endurethecycle.com\/pt-pt\/media\/\" \/>\n<meta property=\"og:locale\" content=\"pt_PT\" \/>\n<meta property=\"og:type\" content=\"article\" \/>\n<meta property=\"og:title\" content=\"Media - Endure the Cycle\" \/>\n<meta property=\"og:description\" content=\"Aqui podes encontrar o que outras pessoas e organiza\u00e7\u00f5es dizem sobre o nosso trabalho e o seu impacto na esfera social e ambiental.\" \/>\n<meta property=\"og:url\" content=\"https:\/\/endurethecycle.com\/pt-pt\/media\/\" \/>\n<meta property=\"og:site_name\" content=\"Endure the Cycle\" \/>\n<meta property=\"article:modified_time\" content=\"2023-03-13T11:41:40+00:00\" \/>\n<meta name=\"twitter:card\" content=\"summary_large_image\" \/>\n<meta name=\"twitter:label1\" content=\"Tempo estimado de leitura\" \/>\n\t<meta name=\"twitter:data1\" content=\"3 minutos\" \/>\n<script type=\"application\/ld+json\" class=\"yoast-schema-graph\">{\"@context\":\"https:\/\/schema.org\",\"@graph\":[{\"@type\":\"WebPage\",\"@id\":\"https:\/\/endurethecycle.com\/pt-pt\/media\/\",\"url\":\"https:\/\/endurethecycle.com\/pt-pt\/media\/\",\"name\":\"Media - Endure the Cycle\",\"isPartOf\":{\"@id\":\"https:\/\/endurethecycle.com\/pt-pt\/#website\"},\"datePublished\":\"2023-02-23T17:03:24+00:00\",\"dateModified\":\"2023-03-13T11:41:40+00:00\",\"description\":\"Aqui podes encontrar o que outras pessoas e organiza\u00e7\u00f5es dizem sobre o nosso trabalho e o seu impacto na esfera social e ambiental.\",\"breadcrumb\":{\"@id\":\"https:\/\/endurethecycle.com\/pt-pt\/media\/#breadcrumb\"},\"inLanguage\":\"pt-PT\",\"potentialAction\":[{\"@type\":\"ReadAction\",\"target\":[\"https:\/\/endurethecycle.com\/pt-pt\/media\/\"]}]},{\"@type\":\"BreadcrumbList\",\"@id\":\"https:\/\/endurethecycle.com\/pt-pt\/media\/#breadcrumb\",\"itemListElement\":[{\"@type\":\"ListItem\",\"position\":1,\"name\":\"Home\",\"item\":\"https:\/\/endurethecycle.com\/pt-pt\/\"},{\"@type\":\"ListItem\",\"position\":2,\"name\":\"Media\"}]},{\"@type\":\"WebSite\",\"@id\":\"https:\/\/endurethecycle.com\/pt-pt\/#website\",\"url\":\"https:\/\/endurethecycle.com\/pt-pt\/\",\"name\":\"Endure the Cycle\",\"description\":\"To keep our culture sustainable\",\"potentialAction\":[{\"@type\":\"SearchAction\",\"target\":{\"@type\":\"EntryPoint\",\"urlTemplate\":\"https:\/\/endurethecycle.com\/pt-pt\/?s={search_term_string}\"},\"query-input\":{\"@type\":\"PropertyValueSpecification\",\"valueRequired\":true,\"valueName\":\"search_term_string\"}}],\"inLanguage\":\"pt-PT\"}]}<\/script>\n<!-- \/ Yoast SEO plugin. -->","yoast_head_json":{"title":"Media - Endure the Cycle","description":"Aqui podes encontrar o que outras pessoas e organiza\u00e7\u00f5es dizem sobre o nosso trabalho e o seu impacto na esfera social e ambiental.","robots":{"index":"index","follow":"follow","max-snippet":"max-snippet:-1","max-image-preview":"max-image-preview:large","max-video-preview":"max-video-preview:-1"},"canonical":"https:\/\/endurethecycle.com\/pt-pt\/media\/","og_locale":"pt_PT","og_type":"article","og_title":"Media - Endure the Cycle","og_description":"Aqui podes encontrar o que outras pessoas e organiza\u00e7\u00f5es dizem sobre o nosso trabalho e o seu impacto na esfera social e ambiental.","og_url":"https:\/\/endurethecycle.com\/pt-pt\/media\/","og_site_name":"Endure the Cycle","article_modified_time":"2023-03-13T11:41:40+00:00","twitter_card":"summary_large_image","twitter_misc":{"Tempo estimado de leitura":"3 minutos"},"schema":{"@context":"https:\/\/schema.org","@graph":[{"@type":"WebPage","@id":"https:\/\/endurethecycle.com\/pt-pt\/media\/","url":"https:\/\/endurethecycle.com\/pt-pt\/media\/","name":"Media - Endure the Cycle","isPartOf":{"@id":"https:\/\/endurethecycle.com\/pt-pt\/#website"},"datePublished":"2023-02-23T17:03:24+00:00","dateModified":"2023-03-13T11:41:40+00:00","description":"Aqui podes encontrar o que outras pessoas e organiza\u00e7\u00f5es dizem sobre o nosso trabalho e o seu impacto na esfera social e ambiental.","breadcrumb":{"@id":"https:\/\/endurethecycle.com\/pt-pt\/media\/#breadcrumb"},"inLanguage":"pt-PT","potentialAction":[{"@type":"ReadAction","target":["https:\/\/endurethecycle.com\/pt-pt\/media\/"]}]},{"@type":"BreadcrumbList","@id":"https:\/\/endurethecycle.com\/pt-pt\/media\/#breadcrumb","itemListElement":[{"@type":"ListItem","position":1,"name":"Home","item":"https:\/\/endurethecycle.com\/pt-pt\/"},{"@type":"ListItem","position":2,"name":"Media"}]},{"@type":"WebSite","@id":"https:\/\/endurethecycle.com\/pt-pt\/#website","url":"https:\/\/endurethecycle.com\/pt-pt\/","name":"Endure the Cycle","description":"To keep our culture sustainable","potentialAction":[{"@type":"SearchAction","target":{"@type":"EntryPoint","urlTemplate":"https:\/\/endurethecycle.com\/pt-pt\/?s={search_term_string}"},"query-input":{"@type":"PropertyValueSpecification","valueRequired":true,"valueName":"search_term_string"}}],"inLanguage":"pt-PT"}]}},"_links":{"self":[{"href":"https:\/\/endurethecycle.com\/pt-pt\/wp-json\/wp\/v2\/pages\/5433","targetHints":{"allow":["GET"]}}],"collection":[{"href":"https:\/\/endurethecycle.com\/pt-pt\/wp-json\/wp\/v2\/pages"}],"about":[{"href":"https:\/\/endurethecycle.com\/pt-pt\/wp-json\/wp\/v2\/types\/page"}],"author":[{"embeddable":true,"href":"https:\/\/endurethecycle.com\/pt-pt\/wp-json\/wp\/v2\/users\/1"}],"replies":[{"embeddable":true,"href":"https:\/\/endurethecycle.com\/pt-pt\/wp-json\/wp\/v2\/comments?post=5433"}],"version-history":[{"count":4,"href":"https:\/\/endurethecycle.com\/pt-pt\/wp-json\/wp\/v2\/pages\/5433\/revisions"}],"predecessor-version":[{"id":5517,"href":"https:\/\/endurethecycle.com\/pt-pt\/wp-json\/wp\/v2\/pages\/5433\/revisions\/5517"}],"wp:attachment":[{"href":"https:\/\/endurethecycle.com\/pt-pt\/wp-json\/wp\/v2\/media?parent=5433"}],"curies":[{"name":"wp","href":"https:\/\/api.w.org\/{rel}","templated":true}]}}